{"id":381,"date":"2017-12-02T15:21:45","date_gmt":"2017-12-02T15:21:45","guid":{"rendered":"http:\/\/nevel.co.rs\/?page_id=381"},"modified":"2018-10-25T22:50:50","modified_gmt":"2018-10-25T22:50:50","slug":"solar-systems","status":"publish","type":"page","link":"http:\/\/nevel.co.rs\/es\/solar-systems\/","title":{"rendered":"Sistemas Solares"},"content":{"rendered":"<p><\/p>\n<h5 style=\"text-align: center;\"><span style=\"color: #000000;\"><strong>Tipos de instalaci\u00f3n de sistemas solares basados en conexi\u00f3n el\u00e9ctrica.<\/strong><\/span><\/h5>\n<h5 style=\"text-align: center;\"><strong><span style=\"color: #000000;\">SISTEMA SOLAR PV GRID-TIE<\/span><\/strong><br \/>\n<span style=\"color: #000000;\">La energ\u00eda solar conectada a la red o conectada a la red es un sistema de energ\u00eda solar sin bater\u00edas. Su hogar est\u00e1 conectado tanto a la red nacional como a su sistema de energ\u00eda solar. Puede instalar un sistema de electricidad solar de cualquier tama\u00f1o y solo se le facturar\u00e1 si su consumo de energ\u00eda supera la cantidad que est\u00e1 generando.<\/span><\/h5>\n<h5 style=\"text-align: center;\"><strong><span style=\"color: #000000;\">SISTEMA SOLAR Y RESPALDO HYBRID PV<\/span><\/strong><br \/>\n<span style=\"color: #000000;\">Este sistema comprende energ\u00eda solar con respaldo de bater\u00eda y toda la energ\u00eda excedente generada por los paneles solares se devuelve a la red. Los inversores inteligentes pueden programarse para utilizar la energ\u00eda de la bater\u00eda durante las horas pico de las tarifas del municipio.<\/span><\/h5>\n<h5 style=\"text-align: center;\"><strong><span style=\"color: #000000;\">SISTEMA SOLAR FV OFF-GRID<\/span><\/strong><br \/>\n<span style=\"color: #000000;\">Para situaciones donde la alimentaci\u00f3n principal no est\u00e1 disponible, o el cliente desea ser completamente independiente de la red. Toda la energ\u00eda es generada por los paneles solares; un banco de bater\u00edas almacena el exceso de energ\u00eda para usar en la noche o cuando el sol no est\u00e1 brillando.<\/span><\/h5>\n<hr \/>\n<h5 style=\"text-align: center;\"><span style=\"color: #000000;\"><strong>Tipos de instalaci\u00f3n de sistemas solares basados en estructura de montaje de panel.<\/strong><\/span><\/h5>\n<h5 style=\"text-align: center;\"><span style=\"color: #000000;\"><strong>INSTALACI\u00d3N SOLAR DE TECHO PLANO<\/strong><\/span><br \/>\n<span style=\"color: #000000;\"><a href=\"http:\/\/media1.nevel.co.rs\/2017\/12\/Flat-Roof-Solar-Installation.jpg\"><img data-attachment-id=\"382\" data-permalink=\"http:\/\/nevel.co.rs\/es\/solar-systems\/presidio-of-monterey-projects\/\" data-orig-file=\"http:\/\/media1.nevel.co.rs\/2017\/12\/Flat-Roof-Solar-Installation.jpg\" data-orig-size=\"4928,3264\" data-comments-opened=\"0\" data-image-meta=\"{&quot;aperture&quot;:&quot;11&quot;,&quot;credit&quot;:&quot;Capt. Michael N. Meyer&quot;,&quot;camera&quot;:&quot;NIKON D5100&quot;,&quot;caption&quot;:&quot;&quot;,&quot;created_timestamp&quot;:&quot;1399562804&quot;,&quot;copyright&quot;:&quot;&quot;,&quot;focal_length&quot;:&quot;18&quot;,&quot;iso&quot;:&quot;100&quot;,&quot;shutter_speed&quot;:&quot;0.00625&quot;,&quot;title&quot;:&quot;Presidio of Monterey Projects&quot;,&quot;orientation&quot;:&quot;1&quot;}\" data-image-title=\"Presidio of Monterey Projects\" data-image-description=\"\" data-image-caption=\"\" data-medium-file=\"http:\/\/media1.nevel.co.rs\/2017\/12\/Flat-Roof-Solar-Installation-300x199.jpg\" data-large-file=\"http:\/\/media1.nevel.co.rs\/2017\/12\/Flat-Roof-Solar-Installation-1024x678.jpg\" decoding=\"async\" loading=\"lazy\" src=\"http:\/\/media1.nevel.co.rs\/2017\/12\/Flat-Roof-Solar-Installation.jpg\" alt=\"\" width=\"488\" height=\"322\" class=\"wp-image-382 alignnone\" srcset=\"http:\/\/media1.nevel.co.rs\/2017\/12\/Flat-Roof-Solar-Installation.jpg 4928w, http:\/\/media1.nevel.co.rs\/2017\/12\/Flat-Roof-Solar-Installation-300x199.jpg 300w, http:\/\/media1.nevel.co.rs\/2017\/12\/Flat-Roof-Solar-Installation-768x509.jpg 768w, http:\/\/media1.nevel.co.rs\/2017\/12\/Flat-Roof-Solar-Installation-1024x678.jpg 1024w\" sizes=\"(max-width: 488px) 100vw, 488px\" \/><\/a><\/span><\/h5>\n<h5 style=\"text-align: center;\"><span style=\"color: #000000;\"><strong>INSTALACI\u00d3N SOLAR DE TECHO PITCHED<\/strong><\/span><br \/>\n<span style=\"color: #000000;\"><strong><a href=\"http:\/\/media1.nevel.co.rs\/2017\/12\/Pitched-Roof-Solar-Installation.jpg\"><img data-attachment-id=\"383\" data-permalink=\"http:\/\/nevel.co.rs\/es\/solar-systems\/pitched-roof-solar-installation\/\" data-orig-file=\"http:\/\/media1.nevel.co.rs\/2017\/12\/Pitched-Roof-Solar-Installation.jpg\" data-orig-size=\"2043,1037\" data-comments-opened=\"0\" data-image-meta=\"{&quot;aperture&quot;:&quot;0&quot;,&quot;credit&quot;:&quot;&quot;,&quot;camera&quot;:&quot;&quot;,&quot;caption&quot;:&quot;&quot;,&quot;created_timestamp&quot;:&quot;0&quot;,&quot;copyright&quot;:&quot;&quot;,&quot;focal_length&quot;:&quot;0&quot;,&quot;iso&quot;:&quot;0&quot;,&quot;shutter_speed&quot;:&quot;0&quot;,&quot;title&quot;:&quot;&quot;,&quot;orientation&quot;:&quot;0&quot;}\" data-image-title=\"Pitched Roof Solar Installation\" data-image-description=\"\" data-image-caption=\"\" data-medium-file=\"http:\/\/media1.nevel.co.rs\/2017\/12\/Pitched-Roof-Solar-Installation-300x152.jpg\" data-large-file=\"http:\/\/media1.nevel.co.rs\/2017\/12\/Pitched-Roof-Solar-Installation-1024x520.jpg\" decoding=\"async\" loading=\"lazy\" src=\"http:\/\/media1.nevel.co.rs\/2017\/12\/Pitched-Roof-Solar-Installation.jpg\" alt=\"\" width=\"488\" height=\"248\" class=\"wp-image-383 alignnone\" srcset=\"http:\/\/media1.nevel.co.rs\/2017\/12\/Pitched-Roof-Solar-Installation.jpg 2043w, http:\/\/media1.nevel.co.rs\/2017\/12\/Pitched-Roof-Solar-Installation-300x152.jpg 300w, http:\/\/media1.nevel.co.rs\/2017\/12\/Pitched-Roof-Solar-Installation-768x390.jpg 768w, http:\/\/media1.nevel.co.rs\/2017\/12\/Pitched-Roof-Solar-Installation-1024x520.jpg 1024w\" sizes=\"(max-width: 488px) 100vw, 488px\" \/><\/a><\/strong><\/span><\/h5>\n<h5 style=\"text-align: center;\"><span style=\"color: #000000;\"><strong>INSTALACI\u00d3N SOLAR DE MONTAJE EN TIERRA<\/strong><\/span><br \/>\n<strong><span style=\"color: #000000;\"><a href=\"http:\/\/media1.nevel.co.rs\/2017\/12\/Ground-Mount-Solar-Installation.jpg\"><img data-attachment-id=\"384\" data-permalink=\"http:\/\/nevel.co.rs\/es\/solar-systems\/ground-mount-solar-installation\/\" data-orig-file=\"http:\/\/media1.nevel.co.rs\/2017\/12\/Ground-Mount-Solar-Installation.jpg\" data-orig-size=\"1340,1073\" data-comments-opened=\"0\" data-image-meta=\"{&quot;aperture&quot;:&quot;0&quot;,&quot;credit&quot;:&quot;&quot;,&quot;camera&quot;:&quot;&quot;,&quot;caption&quot;:&quot;&quot;,&quot;created_timestamp&quot;:&quot;0&quot;,&quot;copyright&quot;:&quot;&quot;,&quot;focal_length&quot;:&quot;0&quot;,&quot;iso&quot;:&quot;0&quot;,&quot;shutter_speed&quot;:&quot;0&quot;,&quot;title&quot;:&quot;&quot;,&quot;orientation&quot;:&quot;0&quot;}\" data-image-title=\"Ground-Mount Solar Installation\" data-image-description=\"\" data-image-caption=\"\" data-medium-file=\"http:\/\/media1.nevel.co.rs\/2017\/12\/Ground-Mount-Solar-Installation-300x240.jpg\" data-large-file=\"http:\/\/media1.nevel.co.rs\/2017\/12\/Ground-Mount-Solar-Installation-1024x820.jpg\" decoding=\"async\" loading=\"lazy\" src=\"http:\/\/media1.nevel.co.rs\/2017\/12\/Ground-Mount-Solar-Installation.jpg\" alt=\"\" width=\"490\" height=\"392\" class=\"wp-image-384 aligncenter\" srcset=\"http:\/\/media1.nevel.co.rs\/2017\/12\/Ground-Mount-Solar-Installation.jpg 1340w, http:\/\/media1.nevel.co.rs\/2017\/12\/Ground-Mount-Solar-Installation-300x240.jpg 300w, http:\/\/media1.nevel.co.rs\/2017\/12\/Ground-Mount-Solar-Installation-768x615.jpg 768w, http:\/\/media1.nevel.co.rs\/2017\/12\/Ground-Mount-Solar-Installation-1024x820.jpg 1024w\" sizes=\"(max-width: 490px) 100vw, 490px\" \/><\/a><\/span><\/strong><\/h5>\n<p><\/p>","protected":false},"excerpt":{"rendered":"<p>Tipos de instalaci\u00f3n de sistemas solares basados en conexi\u00f3n el\u00e9ctrica. SISTEMA SOLAR PV GRID-TIE La energ\u00eda solar conectada a la red o conectada a la red es un sistema de energ\u00eda solar sin bater\u00edas. Su hogar est\u00e1 conectado tanto a la red nacional como a su sistema de energ\u00eda solar. [&hellip;]<\/p>\n","protected":false},"author":2,"featured_media":0,"parent":0,"menu_order":0,"comment_status":"closed","ping_status":"closed","template":"","meta":{"jetpack_post_was_ever_published":false},"aioseo_notices":[],"jetpack_shortlink":"https:\/\/wp.me\/P7Ql3P-69","_links":{"self":[{"href":"http:\/\/nevel.co.rs\/es\/wp-json\/wp\/v2\/pages\/381"}],"collection":[{"href":"http:\/\/nevel.co.rs\/es\/wp-json\/wp\/v2\/pages"}],"about":[{"href":"http:\/\/nevel.co.rs\/es\/wp-json\/wp\/v2\/types\/page"}],"author":[{"embeddable":true,"href":"http:\/\/nevel.co.rs\/es\/wp-json\/wp\/v2\/users\/2"}],"replies":[{"embeddable":true,"href":"http:\/\/nevel.co.rs\/es\/wp-json\/wp\/v2\/comments?post=381"}],"version-history":[{"count":18,"href":"http:\/\/nevel.co.rs\/es\/wp-json\/wp\/v2\/pages\/381\/revisions"}],"predecessor-version":[{"id":554,"href":"http:\/\/nevel.co.rs\/es\/wp-json\/wp\/v2\/pages\/381\/revisions\/554"}],"wp:attachment":[{"href":"http:\/\/nevel.co.rs\/es\/wp-json\/wp\/v2\/media?parent=381"}],"curies":[{"name":"wp","href":"https:\/\/api.w.org\/{rel}","templated":true}]}}