{"id":42,"date":"2013-08-10T10:37:17","date_gmt":"2013-08-10T10:37:17","guid":{"rendered":"http:\/\/nevel.co.rs\/?page_id=42"},"modified":"2018-10-25T21:39:21","modified_gmt":"2018-10-25T21:39:21","slug":"about-us","status":"publish","type":"page","link":"http:\/\/nevel.co.rs\/es\/about-us\/","title":{"rendered":"Sobre nosotros"},"content":{"rendered":"<p>Nevel fue fundada en 1994 por Dobrivoje Grahovac y desde entonces ha participado en la construcci\u00f3n de aproximadamente 3000 unidades de vivienda como subcontratista en la instalaci\u00f3n de BT y MT en Serbia. Adem\u00e1s de esto, Nevel fue subcontratado para la instalaci\u00f3n el\u00e9ctrica durante la construcci\u00f3n del hotel, el \u00abBEST WESTERN\u00bb Best Western ubicado en Novi Sad Serbia y la reforma completa de un hotel, el \u00abBRUNSWEEK MONTENEGRO\u00bb ubicado en Becici, Montenegro. Adem\u00e1s de esto, NEVEL particip\u00f3 en el proyecto del edificio del banco principal para Serbia para el banco Credit Agricole ubicado en Novi Sad, Serbia de m\u00e1s de 5000 m \/ m\u00b2 y varios restaurantes y proyectos m\u00e1s peque\u00f1os.<\/p>\n<p>En lo que respecta a los proyectos solares, NEVEL particip\u00f3 en la planta fotovoltaica \u00abKOSOVO\u00bb para la empresa GRANSOLAR de Espa\u00f1a en 2012 y est\u00e1 a cargo del mantenimiento de esta planta desde entonces. Nevel particip\u00f3 en la construcci\u00f3n del proyecto fotovoltaico \u00abPalo\u00bb ubicado en Tacloban, Filipinas, con 5 supervisores el\u00e9ctricos y un gerente el\u00e9ctrico. Nevel particip\u00f3 en la construcci\u00f3n del proyecto fotovoltaico \u00abSobral\u00bb y \u00abSertao\u00bb de 70 MW ubicado en Sao Joao do Piaui, Brasil, con 6 supervisores generales y un gerente el\u00e9ctrico. Adem\u00e1s de esto, NEVEL realiz\u00f3 m\u00e1s de 100 proyectos de riego solar y sistemas solares aut\u00f3nomos en Serbia.<\/p>\n<p><strong>Personal clave:<\/strong><\/p>\n<p><strong>DOBRIVOJE GRAHOVAC<\/strong> (Propietario de Nevel, ingeniero el\u00e9ctrico. Trabaj\u00f3 como gerente de proyectos a cargo de la instalaci\u00f3n el\u00e9ctrica en la construcci\u00f3n de m\u00e1s de 3000 unidades de vivienda. Jefe del equipo de mantenimiento para plantas y sistemas solares.)<\/p>\n<p><strong>ALEKSANDAR GRAHOVAC<\/strong> (L\u00edder del equipo para proyectos solares en NEVEL, Especialista en sistemas energ\u00e9ticos. Aleksandar particip\u00f3 como l\u00edder de equipo o gerente de proyectos en la construcci\u00f3n de m\u00e1s de 450 MW en proyectos fotovoltaicos en 4 continentes. Aparte de esto, estuvo a cargo del control de calidad, como representante de un cliente, durante la fabricaci\u00f3n de 240 MW de paneles solares en varias f\u00e1bricas en China.)<\/p>\n<p>Aleksandar tambi\u00e9n realiz\u00f3 una capacitaci\u00f3n de personal de mantenimiento en la planta de 75MW PV, LESEDI \u201den Sud\u00e1frica, la planta de 75MW PV, LETSATSI\u201d en Sud\u00e1frica, la planta de 50MW PV, PALO \u201den Filipinas, la planta de 5,5MW PV, KOSOVO \u201dEn Bulgaria, plantas fotovoltaicas de 70MW, SOBRAL &#8216;y ,, SERTAO&#8217; &#8216;en Brasil.<\/p>\n<ul>\n<li><strong>Correo electr\u00f3nico: <span style=\"color: #ff0000;\"><a href=\"mailto:aleks.grahovac@nevel.co.rs\" style=\"color: #ff0000;\">aleks.grahovac@nevel.co.rs<\/a><\/span> o <span style=\"color: #ff0000;\"><a href=\"mailto:office@nevel.co.rs\" style=\"color: #ff0000;\">office@nevel.co.rs<\/a><\/span><\/strong><\/li>\n<li><strong>Tel\u00e9fono: +381 64 330 1012 (Viber y Watsapp)<\/strong><\/li>\n<li><strong>Skype: Aleksandargrahovac1986<\/strong><\/li>\n<\/ul>\n<p><\/p>","protected":false},"excerpt":{"rendered":"<p>Nevel fue fundada en 1994 por Dobrivoje Grahovac y desde entonces ha participado en la construcci\u00f3n de aproximadamente 3000 unidades de vivienda como subcontratista en la instalaci\u00f3n de BT y MT en Serbia. Adem\u00e1s de esto, Nevel fue subcontratado para la instalaci\u00f3n el\u00e9ctrica durante la construcci\u00f3n del hotel, el \u00abBEST [&hellip;]<\/p>\n","protected":false},"author":2,"featured_media":0,"parent":0,"menu_order":0,"comment_status":"closed","ping_status":"closed","template":"","meta":{"jetpack_post_was_ever_published":false},"aioseo_notices":[],"jetpack_shortlink":"https:\/\/wp.me\/P7Ql3P-G","_links":{"self":[{"href":"http:\/\/nevel.co.rs\/es\/wp-json\/wp\/v2\/pages\/42"}],"collection":[{"href":"http:\/\/nevel.co.rs\/es\/wp-json\/wp\/v2\/pages"}],"about":[{"href":"http:\/\/nevel.co.rs\/es\/wp-json\/wp\/v2\/types\/page"}],"author":[{"embeddable":true,"href":"http:\/\/nevel.co.rs\/es\/wp-json\/wp\/v2\/users\/2"}],"replies":[{"embeddable":true,"href":"http:\/\/nevel.co.rs\/es\/wp-json\/wp\/v2\/comments?post=42"}],"version-history":[{"count":10,"href":"http:\/\/nevel.co.rs\/es\/wp-json\/wp\/v2\/pages\/42\/revisions"}],"predecessor-version":[{"id":517,"href":"http:\/\/nevel.co.rs\/es\/wp-json\/wp\/v2\/pages\/42\/revisions\/517"}],"wp:attachment":[{"href":"http:\/\/nevel.co.rs\/es\/wp-json\/wp\/v2\/media?parent=42"}],"curies":[{"name":"wp","href":"https:\/\/api.w.org\/{rel}","templated":true}]}}