{"id":381,"date":"2017-12-02T15:21:45","date_gmt":"2017-12-02T15:21:45","guid":{"rendered":"http:\/\/nevel.co.rs\/?page_id=381"},"modified":"2018-10-25T22:50:50","modified_gmt":"2018-10-25T22:50:50","slug":"solar-systems","status":"publish","type":"page","link":"http:\/\/nevel.co.rs\/rs\/solar-systems\/","title":{"rendered":"Solarni Sistemi"},"content":{"rendered":"<p><\/p>\n<h4 style=\"text-align: center;\"><span style=\"color: #000000;\"><strong><span>Vrste instalacije solarnog sistema na osnovu priklju\u010dka za napajanje<\/span><\/strong><\/span><\/h4>\n<h5 style=\"text-align: center;\"><span style=\"color: #000000;\"><strong>GRID-TIE PV SOLAR SISTEM<\/strong><br \/>\n<span>Grid-vezani ili mre\u017eni priklju\u010deni solarni sistem je solarni sistem bez baterija. Va\u0161 dom je povezan sa nacionalnom mre\u017eom i solarnim sistemom struje. Mo\u017eete instalirati solarnu elektroenergetsku mre\u017eu bilo koje veli\u010dine i samo c\u0301e vam biti naplac\u0301eno ako va\u0161a potro\u0161nja energije prelazi koli\u010dinu koju generi\u0161ete.<\/span><\/span><\/h5>\n<h5 style=\"text-align: center;\"><span style=\"color: #000000;\"><strong>HIBRIDNI PV SOLARNI I REZERVNI SISTEM<\/strong><br \/>\n<span>Ovaj sistem obuhvata solarnu energiju sa rezervom baterije i svu vi\u0161ak snage generisanih solarnim panelima se vrac\u0301a u mre\u017eu. Pametni pretvara\u010di se mogu programirati kako bi koristili bateriju tokom opterec\u0301enja u op\u0161tini.<\/span><\/span><\/h5>\n<h5 style=\"text-align: center;\"><span style=\"color: #000000;\"><strong>OFF-GRID PV SOLARNI SISTEM<\/strong><br \/>\n<span>Za situacije u kojima mre\u017ena snaga nije dostupna, ili klijent \u017eeli da postane potpuno nezavisna od mre\u017ee. Sve snage generi\u0161u solarni paneli; banka baterije \u010duva vi\u0161ak snage za kori\u0161c\u0301enje noc\u0301u ili kada sunce ne sija.<\/span><\/span><\/h5>\n<hr \/>\n<h4 style=\"text-align: center;\"><span style=\"color: #000000;\"><strong><span>Vrste instalacije solarnog sistema na osnovu monta\u017ee plo\u010de<\/span><\/strong><\/span><\/h4>\n<h5 style=\"text-align: center;\"><span style=\"color: #000000;\"><strong>FLAT ROOF\u00a0SOLAR INSTALLATION<\/strong><\/span><span style=\"color: #000000;\"><a href=\"http:\/\/media1.nevel.co.rs\/2017\/12\/Flat-Roof-Solar-Installation.jpg\"><img data-attachment-id=\"382\" data-permalink=\"http:\/\/nevel.co.rs\/rs\/solar-systems\/presidio-of-monterey-projects\/\" data-orig-file=\"http:\/\/media1.nevel.co.rs\/2017\/12\/Flat-Roof-Solar-Installation.jpg\" data-orig-size=\"4928,3264\" data-comments-opened=\"0\" data-image-meta=\"{&quot;aperture&quot;:&quot;11&quot;,&quot;credit&quot;:&quot;Capt. Michael N. Meyer&quot;,&quot;camera&quot;:&quot;NIKON D5100&quot;,&quot;caption&quot;:&quot;&quot;,&quot;created_timestamp&quot;:&quot;1399562804&quot;,&quot;copyright&quot;:&quot;&quot;,&quot;focal_length&quot;:&quot;18&quot;,&quot;iso&quot;:&quot;100&quot;,&quot;shutter_speed&quot;:&quot;0.00625&quot;,&quot;title&quot;:&quot;Presidio of Monterey Projects&quot;,&quot;orientation&quot;:&quot;1&quot;}\" data-image-title=\"Presidio of Monterey Projects\" data-image-description=\"\" data-image-caption=\"\" data-medium-file=\"http:\/\/media1.nevel.co.rs\/2017\/12\/Flat-Roof-Solar-Installation-300x199.jpg\" data-large-file=\"http:\/\/media1.nevel.co.rs\/2017\/12\/Flat-Roof-Solar-Installation-1024x678.jpg\" decoding=\"async\" loading=\"lazy\" src=\"http:\/\/media1.nevel.co.rs\/2017\/12\/Flat-Roof-Solar-Installation.jpg\" alt=\"\" width=\"488\" height=\"322\" class=\"wp-image-382 alignnone\" srcset=\"http:\/\/media1.nevel.co.rs\/2017\/12\/Flat-Roof-Solar-Installation.jpg 4928w, http:\/\/media1.nevel.co.rs\/2017\/12\/Flat-Roof-Solar-Installation-300x199.jpg 300w, http:\/\/media1.nevel.co.rs\/2017\/12\/Flat-Roof-Solar-Installation-768x509.jpg 768w, http:\/\/media1.nevel.co.rs\/2017\/12\/Flat-Roof-Solar-Installation-1024x678.jpg 1024w\" sizes=\"(max-width: 488px) 100vw, 488px\" \/><\/a><\/span><\/h5>\n<h5 style=\"text-align: center;\"><span style=\"color: #000000;\"><strong>PITCHED ROOF SOLAR INSTALLATION<\/strong><\/span><br \/>\n<span style=\"color: #000000;\"><strong><a href=\"http:\/\/media1.nevel.co.rs\/2017\/12\/Pitched-Roof-Solar-Installation.jpg\"><img data-attachment-id=\"383\" data-permalink=\"http:\/\/nevel.co.rs\/rs\/solar-systems\/pitched-roof-solar-installation\/\" data-orig-file=\"http:\/\/media1.nevel.co.rs\/2017\/12\/Pitched-Roof-Solar-Installation.jpg\" data-orig-size=\"2043,1037\" data-comments-opened=\"0\" data-image-meta=\"{&quot;aperture&quot;:&quot;0&quot;,&quot;credit&quot;:&quot;&quot;,&quot;camera&quot;:&quot;&quot;,&quot;caption&quot;:&quot;&quot;,&quot;created_timestamp&quot;:&quot;0&quot;,&quot;copyright&quot;:&quot;&quot;,&quot;focal_length&quot;:&quot;0&quot;,&quot;iso&quot;:&quot;0&quot;,&quot;shutter_speed&quot;:&quot;0&quot;,&quot;title&quot;:&quot;&quot;,&quot;orientation&quot;:&quot;0&quot;}\" data-image-title=\"Pitched Roof Solar Installation\" data-image-description=\"\" data-image-caption=\"\" data-medium-file=\"http:\/\/media1.nevel.co.rs\/2017\/12\/Pitched-Roof-Solar-Installation-300x152.jpg\" data-large-file=\"http:\/\/media1.nevel.co.rs\/2017\/12\/Pitched-Roof-Solar-Installation-1024x520.jpg\" decoding=\"async\" loading=\"lazy\" src=\"http:\/\/media1.nevel.co.rs\/2017\/12\/Pitched-Roof-Solar-Installation.jpg\" alt=\"\" width=\"487\" height=\"246\" class=\"wp-image-383 alignnone\" srcset=\"http:\/\/media1.nevel.co.rs\/2017\/12\/Pitched-Roof-Solar-Installation.jpg 2043w, http:\/\/media1.nevel.co.rs\/2017\/12\/Pitched-Roof-Solar-Installation-300x152.jpg 300w, http:\/\/media1.nevel.co.rs\/2017\/12\/Pitched-Roof-Solar-Installation-768x390.jpg 768w, http:\/\/media1.nevel.co.rs\/2017\/12\/Pitched-Roof-Solar-Installation-1024x520.jpg 1024w\" sizes=\"(max-width: 487px) 100vw, 487px\" \/><\/a><\/strong><\/span><\/h5>\n<h5 style=\"text-align: center;\"><strong><span style=\"color: #000000;\">GROUND-MOUNT SOLAR INSTALLATION<\/span><\/strong><br \/>\n<strong><span style=\"color: #000000;\"><a href=\"http:\/\/media1.nevel.co.rs\/2017\/12\/Ground-Mount-Solar-Installation.jpg\"><img data-attachment-id=\"384\" data-permalink=\"http:\/\/nevel.co.rs\/rs\/solar-systems\/ground-mount-solar-installation\/\" data-orig-file=\"http:\/\/media1.nevel.co.rs\/2017\/12\/Ground-Mount-Solar-Installation.jpg\" data-orig-size=\"1340,1073\" data-comments-opened=\"0\" data-image-meta=\"{&quot;aperture&quot;:&quot;0&quot;,&quot;credit&quot;:&quot;&quot;,&quot;camera&quot;:&quot;&quot;,&quot;caption&quot;:&quot;&quot;,&quot;created_timestamp&quot;:&quot;0&quot;,&quot;copyright&quot;:&quot;&quot;,&quot;focal_length&quot;:&quot;0&quot;,&quot;iso&quot;:&quot;0&quot;,&quot;shutter_speed&quot;:&quot;0&quot;,&quot;title&quot;:&quot;&quot;,&quot;orientation&quot;:&quot;0&quot;}\" data-image-title=\"Ground-Mount Solar Installation\" data-image-description=\"\" data-image-caption=\"\" data-medium-file=\"http:\/\/media1.nevel.co.rs\/2017\/12\/Ground-Mount-Solar-Installation-300x240.jpg\" data-large-file=\"http:\/\/media1.nevel.co.rs\/2017\/12\/Ground-Mount-Solar-Installation-1024x820.jpg\" decoding=\"async\" loading=\"lazy\" src=\"http:\/\/media1.nevel.co.rs\/2017\/12\/Ground-Mount-Solar-Installation.jpg\" alt=\"\" width=\"490\" height=\"392\" class=\"wp-image-384 aligncenter\" srcset=\"http:\/\/media1.nevel.co.rs\/2017\/12\/Ground-Mount-Solar-Installation.jpg 1340w, http:\/\/media1.nevel.co.rs\/2017\/12\/Ground-Mount-Solar-Installation-300x240.jpg 300w, http:\/\/media1.nevel.co.rs\/2017\/12\/Ground-Mount-Solar-Installation-768x615.jpg 768w, http:\/\/media1.nevel.co.rs\/2017\/12\/Ground-Mount-Solar-Installation-1024x820.jpg 1024w\" sizes=\"(max-width: 490px) 100vw, 490px\" \/><\/a><\/span><\/strong><\/h5>\n<p><\/p>","protected":false},"excerpt":{"rendered":"<p>Vrste instalacije solarnog sistema na osnovu priklju\u010dka za napajanje GRID-TIE PV SOLAR SISTEM Grid-vezani ili mre\u017eni priklju\u010deni solarni sistem je solarni sistem bez baterija. Va\u0161 dom je povezan sa nacionalnom mre\u017eom i solarnim sistemom struje. Mo\u017eete instalirati solarnu elektroenergetsku mre\u017eu bilo koje veli\u010dine i samo c\u0301e vam biti naplac\u0301eno ako [&hellip;]<\/p>\n","protected":false},"author":2,"featured_media":0,"parent":0,"menu_order":0,"comment_status":"closed","ping_status":"closed","template":"","meta":{"jetpack_post_was_ever_published":false},"aioseo_notices":[],"jetpack_shortlink":"https:\/\/wp.me\/P7Ql3P-69","_links":{"self":[{"href":"http:\/\/nevel.co.rs\/rs\/wp-json\/wp\/v2\/pages\/381"}],"collection":[{"href":"http:\/\/nevel.co.rs\/rs\/wp-json\/wp\/v2\/pages"}],"about":[{"href":"http:\/\/nevel.co.rs\/rs\/wp-json\/wp\/v2\/types\/page"}],"author":[{"embeddable":true,"href":"http:\/\/nevel.co.rs\/rs\/wp-json\/wp\/v2\/users\/2"}],"replies":[{"embeddable":true,"href":"http:\/\/nevel.co.rs\/rs\/wp-json\/wp\/v2\/comments?post=381"}],"version-history":[{"count":18,"href":"http:\/\/nevel.co.rs\/rs\/wp-json\/wp\/v2\/pages\/381\/revisions"}],"predecessor-version":[{"id":554,"href":"http:\/\/nevel.co.rs\/rs\/wp-json\/wp\/v2\/pages\/381\/revisions\/554"}],"wp:attachment":[{"href":"http:\/\/nevel.co.rs\/rs\/wp-json\/wp\/v2\/media?parent=381"}],"curies":[{"name":"wp","href":"https:\/\/api.w.org\/{rel}","templated":true}]}}