{"id":462,"date":"2018-10-22T20:35:27","date_gmt":"2018-10-22T20:35:27","guid":{"rendered":"http:\/\/nevel.co.rs\/hestia-front\/"},"modified":"2018-10-25T22:41:22","modified_gmt":"2018-10-25T22:41:22","slug":"hestia-front","status":"publish","type":"page","link":"https:\/\/nevel.co.rs\/es\/","title":{"rendered":"Front Page"},"content":{"rendered":"<p>Nevel fue fundada en 1994 por Dobrivoje Grahovac y desde entonces ha participado en la construcci\u00f3n de aproximadamente 3000 unidades de vivienda como subcontratista en la instalaci\u00f3n de BT y MT en Serbia. Adem\u00e1s de esto, Nevel fue subcontratado para la instalaci\u00f3n el\u00e9ctrica durante la construcci\u00f3n del hotel, el \u201cBEST WESTERN\u201d Best Western ubicado en Novi Sad Serbia y la reforma completa de un hotel, el \u201cBRUNSWEEK MONTENEGRO\u201d ubicado en Becici, Montenegro. Adem\u00e1s de esto, NEVEL particip\u00f3 en el proyecto del edificio del banco principal para Serbia para el banco Credit Agricole ubicado en Novi Sad, Serbia de m\u00e1s de 5000 m \/ m\u00b2 y varios restaurantes y proyectos m\u00e1s peque\u00f1os.En lo que respecta a los proyectos solares, NEVEL particip\u00f3 en la planta fotovoltaica \u201cKOSOVO\u201d para la empresa GRANSOLAR de Espa\u00f1a en 2012 y est\u00e1 a cargo del mantenimiento de esta planta desde entonces. Nevel particip\u00f3 en la construcci\u00f3n del proyecto fotovoltaico \u201cPalo\u201d ubicado en Tacloban, Filipinas, con 5 supervisores el\u00e9ctricos y un gerente el\u00e9ctrico. Nevel particip\u00f3 en la construcci\u00f3n del proyecto fotovoltaico \u201cSobral\u201d y \u201cSertao\u201d de 70 MW ubicado en Sao Joao do Piaui, Brasil, con 6 supervisores generales y un gerente el\u00e9ctrico. Adem\u00e1s de esto, NEVEL realiz\u00f3 m\u00e1s de 100 proyectos de riego solar y sistemas solares aut\u00f3nomos en Serbia.<\/span><strong><\/strong><\/p>","protected":false},"excerpt":{"rendered":"<p>Nevel fue fundada en 1994 por Dobrivoje Grahovac y desde entonces ha participado en la construcci\u00f3n de aproximadamente 3000 unidades de vivienda como subcontratista en la instalaci\u00f3n de BT y MT en Serbia. Adem\u00e1s de esto, Nevel fue subcontratado para la instalaci\u00f3n el\u00e9ctrica durante la construcci\u00f3n del hotel, el \u201cBEST [&hellip;]<\/p>\n","protected":false},"author":3,"featured_media":303,"parent":0,"menu_order":0,"comment_status":"closed","ping_status":"closed","template":"","meta":{"jetpack_post_was_ever_published":false},"aioseo_notices":[],"jetpack_shortlink":"https:\/\/wp.me\/P7Ql3P-7s","_links":{"self":[{"href":"https:\/\/nevel.co.rs\/es\/wp-json\/wp\/v2\/pages\/462"}],"collection":[{"href":"https:\/\/nevel.co.rs\/es\/wp-json\/wp\/v2\/pages"}],"about":[{"href":"https:\/\/nevel.co.rs\/es\/wp-json\/wp\/v2\/types\/page"}],"author":[{"embeddable":true,"href":"https:\/\/nevel.co.rs\/es\/wp-json\/wp\/v2\/users\/3"}],"replies":[{"embeddable":true,"href":"https:\/\/nevel.co.rs\/es\/wp-json\/wp\/v2\/comments?post=462"}],"version-history":[{"count":12,"href":"https:\/\/nevel.co.rs\/es\/wp-json\/wp\/v2\/pages\/462\/revisions"}],"predecessor-version":[{"id":548,"href":"https:\/\/nevel.co.rs\/es\/wp-json\/wp\/v2\/pages\/462\/revisions\/548"}],"wp:featuredmedia":[{"embeddable":true,"href":"https:\/\/nevel.co.rs\/es\/wp-json\/wp\/v2\/media\/303"}],"wp:attachment":[{"href":"https:\/\/nevel.co.rs\/es\/wp-json\/wp\/v2\/media?parent=462"}],"curies":[{"name":"wp","href":"https:\/\/api.w.org\/{rel}","templated":true}]}}